{"id":1328,"date":"2023-10-12T23:06:35","date_gmt":"2023-10-12T21:06:35","guid":{"rendered":"http:\/\/birgit-kolar.es\/sobre-mi\/"},"modified":"2025-03-30T15:47:14","modified_gmt":"2025-03-30T13:47:14","slug":"sobre-mi","status":"publish","type":"page","link":"http:\/\/birgit-kolar.es\/es\/sobre-mi\/","title":{"rendered":"SOBRE M\u00cd"},"content":{"rendered":"<p>[et_pb_section fb_built=\u00bb1&#8243; fullwidth=\u00bbon\u00bb _builder_version=\u00bb4.22.1&#8243; _module_preset=\u00bbdefault\u00bb background_color=\u00bb#000000&#8243; custom_margin_tablet=\u00bb18%||||false|false\u00bb custom_margin_phone=\u00bb0%||||false|false\u00bb custom_margin_last_edited=\u00bbon|phone\u00bb hover_enabled=\u00bb0&#8243; da_disable_devices=\u00bboff|off|off\u00bb collapsed=\u00bbon\u00bb global_colors_info=\u00bb{}\u00bb sticky_enabled=\u00bb0&#8243; da_is_popup=\u00bboff\u00bb da_exit_intent=\u00bboff\u00bb da_has_close=\u00bbon\u00bb da_alt_close=\u00bboff\u00bb da_dark_close=\u00bboff\u00bb da_not_modal=\u00bbon\u00bb da_is_singular=\u00bboff\u00bb da_with_loader=\u00bboff\u00bb da_has_shadow=\u00bbon\u00bb][et_pb_fullwidth_image src=\u00bbhttp:\/\/birgit-kolar.es\/wp-content\/uploads\/2025\/02\/image00003.jpeg\u00bb _builder_version=\u00bb4.22.1&#8243; _module_preset=\u00bbdefault\u00bb filter_opacity=\u00bb65%\u00bb global_colors_info=\u00bb{}\u00bb][\/et_pb_fullwidth_image][\/et_pb_section][et_pb_section fb_built=\u00bb1&#8243; _builder_version=\u00bb4.22.1&#8243; _module_preset=\u00bbdefault\u00bb background_color=\u00bbRGBA(255,255,255,0)\u00bb min_height_tablet=\u00bb\u00bb min_height_phone=\u00bb100px\u00bb min_height_last_edited=\u00bbon|phone\u00bb height=\u00bb100px\u00bb custom_margin=\u00bb-53%||8%||false|false\u00bb custom_margin_tablet=\u00bb-59%||14%||false|false\u00bb custom_margin_phone=\u00bb-78%||24%||false|false\u00bb custom_margin_last_edited=\u00bbon|desktop\u00bb da_disable_devices=\u00bboff|off|off\u00bb global_colors_info=\u00bb{}\u00bb da_is_popup=\u00bboff\u00bb da_exit_intent=\u00bboff\u00bb da_has_close=\u00bbon\u00bb da_alt_close=\u00bboff\u00bb da_dark_close=\u00bboff\u00bb da_not_modal=\u00bbon\u00bb da_is_singular=\u00bboff\u00bb da_with_loader=\u00bboff\u00bb da_has_shadow=\u00bbon\u00bb][et_pb_row _builder_version=\u00bb4.22.1&#8243; _module_preset=\u00bbdefault\u00bb global_colors_info=\u00bb{}\u00bb][et_pb_column type=\u00bb4_4&#8243; _builder_version=\u00bb4.22.1&#8243; _module_preset=\u00bbdefault\u00bb global_colors_info=\u00bb{}\u00bb][et_pb_text _builder_version=\u00bb4.22.1&#8243; text_font=\u00bb||||||||\u00bb text_text_color=\u00bb#FFFFFF\u00bb text_line_height=\u00bb2em\u00bb header_font=\u00bb||||||||\u00bb header_text_color=\u00bb#FFFFFF\u00bb header_font_size=\u00bb100px\u00bb header_3_font=\u00bbRaleway|300|||||||\u00bb header_3_font_size=\u00bb26px\u00bb header_3_line_height=\u00bb1.6em\u00bb background_enable_color=\u00bboff\u00bb text_orientation=\u00bbcenter\u00bb custom_margin=\u00bb||||false|false\u00bb custom_padding=\u00bb0%|19px|0%|19px|true|true\u00bb text_text_color_tablet=\u00bb#FFFFFF\u00bb text_text_color_phone=\u00bb#FFFFFF\u00bb text_text_color_last_edited=\u00bbon|desktop\u00bb header_text_color_tablet=\u00bb#FFFFFF\u00bb header_text_color_phone=\u00bb#FFFFFF\u00bb header_text_color_last_edited=\u00bbon|phone\u00bb header_font_size_tablet=\u00bb100px\u00bb header_font_size_phone=\u00bb60px\u00bb header_font_size_last_edited=\u00bbon|tablet\u00bb header_3_font_size_tablet=\u00bb\u00bb header_3_font_size_phone=\u00bb\u00bb header_3_font_size_last_edited=\u00bbon|desktop\u00bb header_text_shadow_style=\u00bbpreset4&#8243; border_color_all=\u00bb#f7f6f4&#8243; global_colors_info=\u00bb{}\u00bb border_radii__hover=\u00bbon||||\u00bb border_radii__hover_enabled=\u00bbon||||\u00bb]<\/p>\n<p>&nbsp;<\/p>\n<h1><span style=\"vertical-align: inherit;\">Sobre m\u00ed<\/span><\/h1>\n<p><span style=\"vertical-align: inherit;\"><span style=\"vertical-align: inherit;\">BIRGIT KOLAR<\/span><\/span><\/p>\n<p><span style=\"vertical-align: inherit;\"><span style=\"vertical-align: inherit;\"><\/span><\/span><\/p>\n<p>[\/et_pb_text][\/et_pb_column][\/et_pb_row][\/et_pb_section][et_pb_section fb_built=\u00bb1&#8243; custom_padding_last_edited=\u00bbon|desktop\u00bb admin_label=\u00bbAbout\u00bb _builder_version=\u00bb4.22.1&#8243; background_color=\u00bbRGBA(255,255,255,0)\u00bb background_size=\u00bbinitial\u00bb background_position=\u00bbtop_center\u00bb max_width=\u00bb100%\u00bb max_width_tablet=\u00bb90%\u00bb max_width_phone=\u00bb100%\u00bb max_width_last_edited=\u00bbon|phone\u00bb module_alignment=\u00bbleft\u00bb custom_margin=\u00bb43%||||false|false\u00bb custom_margin_tablet=\u00bb43%||||false|false\u00bb custom_margin_phone=\u00bb43%||||false|false\u00bb custom_margin_last_edited=\u00bbon|desktop\u00bb custom_padding=\u00bb|0px||0px|true|false\u00bb custom_padding_tablet=\u00bb\u00bb custom_padding_phone=\u00bb40px|0px|0px|0px|false|false\u00bb da_disable_devices=\u00bboff|off|off\u00bb border_color_all=\u00bb#f7f6f4&#8243; border_width_top=\u00bb0px\u00bb global_colors_info=\u00bb{}\u00bb da_is_popup=\u00bboff\u00bb da_exit_intent=\u00bboff\u00bb da_has_close=\u00bbon\u00bb da_alt_close=\u00bboff\u00bb da_dark_close=\u00bboff\u00bb da_not_modal=\u00bbon\u00bb da_is_singular=\u00bboff\u00bb da_with_loader=\u00bboff\u00bb da_has_shadow=\u00bbon\u00bb][et_pb_row column_structure=\u00bb1_2,1_2&#8243; padding_top_bottom_link_2=\u00bbfalse\u00bb _builder_version=\u00bb4.16&#8243; max_width=\u00bb1600px\u00bb custom_padding=\u00bb|||\u00bb use_custom_width=\u00bbon\u00bb custom_width_px=\u00bb1600px\u00bb global_colors_info=\u00bb{}\u00bb][et_pb_column type=\u00bb1_2&#8243; _builder_version=\u00bb4.16&#8243; custom_padding=\u00bb|||5vw\u00bb custom_padding_tablet=\u00bb||0vw|0vw\u00bb custom_padding_phone=\u00bb||0vw|0vw\u00bb custom_padding_last_edited=\u00bbon|tablet\u00bb global_colors_info=\u00bb{}\u00bb padding_tablet=\u00bb||0vw|0vw\u00bb padding_last_edited=\u00bbon|tablet\u00bb custom_padding__hover=\u00bb|||\u00bb padding_phone=\u00bb||0vw|0vw\u00bb][et_pb_image src=\u00bbhttp:\/\/birgit-kolar.es\/wp-content\/uploads\/2023\/08\/DSC00577-scaled.jpg\u00bb align_tablet=\u00bbcenter\u00bb align_phone=\u00bbcenter\u00bb align_last_edited=\u00bbon|desktop\u00bb _builder_version=\u00bb4.22.1&#8243; animation_style=\u00bbslide\u00bb animation_direction=\u00bbbottom\u00bb animation_intensity_slide=\u00bb5%\u00bb border_color_all=\u00bb#ffffff\u00bb locked=\u00bboff\u00bb global_colors_info=\u00bb{}\u00bb][\/et_pb_image][\/et_pb_column][et_pb_column type=\u00bb1_2&#8243; _builder_version=\u00bb4.22.1&#8243; _module_preset=\u00bbdefault\u00bb global_colors_info=\u00bb{}\u00bb][et_pb_text _builder_version=\u00bb4.22.1&#8243; text_font=\u00bb||||||||\u00bb text_font_size=\u00bb18px\u00bb text_line_height=\u00bb1.8em\u00bb max_width=\u00bb650px\u00bb custom_margin=\u00bb||\u00bb animation_style=\u00bbslide\u00bb animation_direction=\u00bbright\u00bb animation_intensity_slide=\u00bb5%\u00bb locked=\u00bboff\u00bb global_colors_info=\u00bb{}\u00bb]<\/p>\n<p>Naci\u00f3 en 1970 en Waidhofen\/Ybbs (Austria), donde, a la edad de seis a\u00f1os, comenz\u00f3 a estudiar el viol\u00edn en la escuela de m\u00fasica local.<\/p>\n<p>Desde 1982 estudi\u00f3 en la Universidad de M\u00fasica de Viena con el concertino de la Orquesta Filarm\u00f3nica de Viena, Rainer K\u00fcchl y su asistente Jela Spitkova.<\/p>\n<p>Continu\u00f3 sus estudios con Wolfgang Schneiderhan en Lucerna, Robert Masters en Londres y Josef Luitz en Viena.<\/p>\n<p>En 1992 fue finalista y premiada en el Concurso Internacional Yehudi Menuhin, donde dio un concierto bajo la batuta de Lord Menuhin.<\/p>\n<p>Ha ofrecido conciertos como solista en varios festivales de Europa, Jap\u00f3n y Sudam\u00e9rica.<\/p>\n<p>Del 1999 al 2008, Birgit Kolar toc\u00f3 con miembros de la \u201cSymphonieorchester des Bayerischen Rundfunks\u201d, y del \u201cM\u00fcnchner Streichquartett\u201d.<\/p>\n<p>2009 fund\u00f3 junto con miembros de la \u201cWiener Philharmoniker\u201d y de la \u201cWiener Symphoniker\u201d el \u201cSeraphin Quartett Wien\u201d.<\/p>\n<p>Birgit Kolar ha sido concertino de la Orquesta Bruckner de Linz,<\/p>\n<p>la Orquesta Sinf\u00f3nica de Viena y hasta 2005 de la Orquesta de la Radio de Munich.<\/p>\n<p>Como concertino, ha sido invitada a varias orquestas europeas, como la Orquesta Estatal de Baviera (M\u00fcnchner Staatsoper), la Orquesta Sinf\u00f3nica del Gran Teatre del Liceu, la Orquesta Filarm\u00f3nica BBC, la Orquesta Filarm\u00f3nica de Bergen, la Orquesta Filarm\u00f3nica de Copenhagen, etc. y regularmente con la Orquesta Filarm\u00f3nica de Viena.<\/p>\n<p>Del 2003 al 2009 ha sido docente en la Universidad de M\u00fasica de Viena, y en 2011 en la Universidad de Arte de Graz.<\/p>\n<p>Birgit Kolar toca un viol\u00edn Carlo Bergonzi, Cremona 1723 de la colecci\u00f3n de instrumentos propiedad del Banco Nacional de Austria.<\/p>\n<p>[\/et_pb_text][\/et_pb_column][\/et_pb_row][\/et_pb_section]<\/p>\n","protected":false},"excerpt":{"rendered":"<p>&nbsp; Sobre m\u00ed BIRGIT KOLAR Naci\u00f3 en 1970 en Waidhofen\/Ybbs (Austria), donde, a la edad de seis a\u00f1os, comenz\u00f3 a estudiar el viol\u00edn en la escuela de m\u00fasica local. Desde 1982 estudi\u00f3 en la Universidad de M\u00fasica de Viena con el concertino de la Orquesta Filarm\u00f3nica de Viena, Rainer K\u00fcchl y su asistente Jela Spitkova. [&hellip;]<\/p>\n","protected":false},"author":1,"featured_media":0,"parent":0,"menu_order":0,"comment_status":"closed","ping_status":"closed","template":"","meta":{"_et_pb_use_builder":"on","_et_pb_old_content":"","_et_gb_content_width":"","footnotes":""},"folder":[77],"_links":{"self":[{"href":"http:\/\/birgit-kolar.es\/es\/wp-json\/wp\/v2\/pages\/1328"}],"collection":[{"href":"http:\/\/birgit-kolar.es\/es\/wp-json\/wp\/v2\/pages"}],"about":[{"href":"http:\/\/birgit-kolar.es\/es\/wp-json\/wp\/v2\/types\/page"}],"author":[{"embeddable":true,"href":"http:\/\/birgit-kolar.es\/es\/wp-json\/wp\/v2\/users\/1"}],"replies":[{"embeddable":true,"href":"http:\/\/birgit-kolar.es\/es\/wp-json\/wp\/v2\/comments?post=1328"}],"version-history":[{"count":17,"href":"http:\/\/birgit-kolar.es\/es\/wp-json\/wp\/v2\/pages\/1328\/revisions"}],"predecessor-version":[{"id":1991,"href":"http:\/\/birgit-kolar.es\/es\/wp-json\/wp\/v2\/pages\/1328\/revisions\/1991"}],"wp:attachment":[{"href":"http:\/\/birgit-kolar.es\/es\/wp-json\/wp\/v2\/media?parent=1328"}],"wp:term":[{"taxonomy":"folder","embeddable":true,"href":"http:\/\/birgit-kolar.es\/es\/wp-json\/wp\/v2\/folder?post=1328"}],"curies":[{"name":"wp","href":"https:\/\/api.w.org\/{rel}","templated":true}]}}