{"id":1789,"date":"2025-03-09T15:23:06","date_gmt":"2025-03-09T13:23:06","guid":{"rendered":"https:\/\/birgit-kolar.es\/trio-carlo-bergonzi\/"},"modified":"2025-03-30T15:50:59","modified_gmt":"2025-03-30T13:50:59","slug":"trio-carlo-bergonzi","status":"publish","type":"page","link":"http:\/\/birgit-kolar.es\/es\/trio-carlo-bergonzi\/","title":{"rendered":"Tr\u00edo Carlo Bergonzi"},"content":{"rendered":"<p>[et_pb_section fb_built=\u00bb1&#8243; fullwidth=\u00bbon\u00bb _builder_version=\u00bb4.22.1&#8243; _module_preset=\u00bbdefault\u00bb background_color=\u00bb#000000&#8243; custom_margin_tablet=\u00bb18%||||false|false\u00bb custom_margin_phone=\u00bb0%||||false|false\u00bb custom_margin_last_edited=\u00bbon|desktop\u00bb hover_enabled=\u00bb0&#8243; da_disable_devices=\u00bboff|off|off\u00bb global_colors_info=\u00bb{}\u00bb sticky_enabled=\u00bb0&#8243; da_is_popup=\u00bboff\u00bb da_exit_intent=\u00bboff\u00bb da_has_close=\u00bbon\u00bb da_alt_close=\u00bboff\u00bb da_dark_close=\u00bboff\u00bb da_not_modal=\u00bbon\u00bb da_is_singular=\u00bboff\u00bb da_with_loader=\u00bboff\u00bb da_has_shadow=\u00bbon\u00bb][et_pb_fullwidth_image src=\u00bbhttp:\/\/birgit-kolar.es\/wp-content\/uploads\/2025\/02\/Carlo_Bergonzi_trio_horizontal-1.jpeg\u00bb title_text=\u00bbCarlo_Bergonzi_trio_horizontal\u00bb _builder_version=\u00bb4.22.1&#8243; _module_preset=\u00bbdefault\u00bb filter_opacity=\u00bb65%\u00bb global_colors_info=\u00bb{}\u00bb][\/et_pb_fullwidth_image][\/et_pb_section][et_pb_section fb_built=\u00bb1&#8243; admin_label=\u00bbTestimonial\u00bb _builder_version=\u00bb4.22.1&#8243; background_color=\u00bbRGBA(255,255,255,0)\u00bb custom_margin=\u00bb0%||||false|false\u00bb custom_margin_tablet=\u00bb28%||||false|false\u00bb custom_margin_phone=\u00bb-8%||||false|false\u00bb custom_margin_last_edited=\u00bbon|tablet\u00bb hover_enabled=\u00bb0&#8243; da_disable_devices=\u00bboff|off|off\u00bb global_colors_info=\u00bb{}\u00bb custom_margin__hover_enabled=\u00bboff|desktop\u00bb sticky_enabled=\u00bb0&#8243; da_is_popup=\u00bboff\u00bb da_exit_intent=\u00bboff\u00bb da_has_close=\u00bbon\u00bb da_alt_close=\u00bboff\u00bb da_dark_close=\u00bboff\u00bb da_not_modal=\u00bbon\u00bb da_is_singular=\u00bboff\u00bb da_with_loader=\u00bboff\u00bb da_has_shadow=\u00bbon\u00bb][et_pb_row _builder_version=\u00bb4.22.1&#8243; custom_padding=\u00bb0|0px|0|0px|false|false\u00bb border_color_all=\u00bb#f7f6f4&#8243; border_width_right=\u00bb0px\u00bb border_width_bottom=\u00bb0px\u00bb global_colors_info=\u00bb{}\u00bb][et_pb_column type=\u00bb4_4&#8243; _builder_version=\u00bb4.16&#8243; custom_padding=\u00bb|||\u00bb global_colors_info=\u00bb{}\u00bb custom_padding__hover=\u00bb|||\u00bb][et_pb_text _builder_version=\u00bb4.22.1&#8243; text_font=\u00bb||||||||\u00bb text_font_size=\u00bb16px\u00bb header_font=\u00bb||||||||\u00bb header_2_font=\u00bb|300|||||||\u00bb header_2_font_size=\u00bb48px\u00bb header_2_line_height=\u00bb1.4em\u00bb header_4_font=\u00bb|300||on|||||\u00bb header_4_letter_spacing=\u00bb4px\u00bb header_4_line_height=\u00bb1.6em\u00bb background_enable_image=\u00bboff\u00bb background_size=\u00bbinitial\u00bb background_repeat=\u00bbrepeat\u00bb module_alignment=\u00bbleft\u00bb custom_margin=\u00bb||-26px|3vh|false|false\u00bb custom_padding=\u00bb30px||30px||true|false\u00bb animation_style=\u00bbslide\u00bb animation_direction=\u00bbleft\u00bb animation_intensity_slide=\u00bb5%\u00bb text_font_size_tablet=\u00bb\u00bb text_font_size_phone=\u00bb14px\u00bb text_font_size_last_edited=\u00bbon|phone\u00bb header_2_font_size_tablet=\u00bb38px\u00bb header_2_font_size_phone=\u00bb26px\u00bb header_2_font_size_last_edited=\u00bbon|phone\u00bb border_color_all=\u00bb#FFFFFF\u00bb locked=\u00bboff\u00bb global_colors_info=\u00bb{}\u00bb text_font_size__hover=\u00bb14px\u00bb text_font_size__hover_enabled=\u00bb14px\u00bb text_letter_spacing__hover=\u00bb0px\u00bb text_letter_spacing__hover_enabled=\u00bb0px\u00bb text_line_height__hover=\u00bb1.7em\u00bb text_line_height__hover_enabled=\u00bb1.7em\u00bb text_text_shadow_style__hover=\u00bbnone\u00bb text_text_shadow_style__hover_enabled=\u00bbnone\u00bb text_text_shadow_color__hover=\u00bbrgba(0,0,0,0.4)\u00bb text_text_shadow_color__hover_enabled=\u00bbrgba(0,0,0,0.4)\u00bb link_font_size__hover=\u00bb14px\u00bb link_font_size__hover_enabled=\u00bb14px\u00bb link_letter_spacing__hover=\u00bb0px\u00bb link_letter_spacing__hover_enabled=\u00bb0px\u00bb link_line_height__hover=\u00bb1em\u00bb link_line_height__hover_enabled=\u00bb1em\u00bb link_text_shadow_style__hover=\u00bbnone\u00bb link_text_shadow_style__hover_enabled=\u00bbnone\u00bb link_text_shadow_color__hover=\u00bbrgba(0,0,0,0.4)\u00bb link_text_shadow_color__hover_enabled=\u00bbrgba(0,0,0,0.4)\u00bb ul_font_size__hover=\u00bb14px\u00bb ul_font_size__hover_enabled=\u00bb14px\u00bb ul_letter_spacing__hover=\u00bb0px\u00bb ul_letter_spacing__hover_enabled=\u00bb0px\u00bb ul_line_height__hover=\u00bb1em\u00bb ul_line_height__hover_enabled=\u00bb1em\u00bb ul_text_shadow_style__hover=\u00bbnone\u00bb ul_text_shadow_style__hover_enabled=\u00bbnone\u00bb ul_text_shadow_color__hover=\u00bbrgba(0,0,0,0.4)\u00bb ul_text_shadow_color__hover_enabled=\u00bbrgba(0,0,0,0.4)\u00bb ol_font_size__hover=\u00bb14px\u00bb ol_font_size__hover_enabled=\u00bb14px\u00bb ol_letter_spacing__hover=\u00bb0px\u00bb ol_letter_spacing__hover_enabled=\u00bb0px\u00bb ol_line_height__hover=\u00bb1em\u00bb ol_line_height__hover_enabled=\u00bb1em\u00bb ol_text_shadow_style__hover=\u00bbnone\u00bb ol_text_shadow_style__hover_enabled=\u00bbnone\u00bb ol_text_shadow_color__hover=\u00bbrgba(0,0,0,0.4)\u00bb ol_text_shadow_color__hover_enabled=\u00bbrgba(0,0,0,0.4)\u00bb quote_font_size__hover=\u00bb14px\u00bb quote_font_size__hover_enabled=\u00bb14px\u00bb quote_letter_spacing__hover=\u00bb0px\u00bb quote_letter_spacing__hover_enabled=\u00bb0px\u00bb quote_line_height__hover=\u00bb1em\u00bb quote_line_height__hover_enabled=\u00bb1em\u00bb quote_text_shadow_style__hover=\u00bbnone\u00bb quote_text_shadow_style__hover_enabled=\u00bbnone\u00bb quote_text_shadow_color__hover=\u00bbrgba(0,0,0,0.4)\u00bb quote_text_shadow_color__hover_enabled=\u00bbrgba(0,0,0,0.4)\u00bb header_font_size__hover=\u00bb30px\u00bb header_font_size__hover_enabled=\u00bb30px\u00bb header_letter_spacing__hover=\u00bb0px\u00bb header_letter_spacing__hover_enabled=\u00bb0px\u00bb header_text_shadow_style__hover=\u00bbnone\u00bb header_text_shadow_style__hover_enabled=\u00bbnone\u00bb header_text_shadow_color__hover=\u00bbrgba(0,0,0,0.4)\u00bb header_text_shadow_color__hover_enabled=\u00bbrgba(0,0,0,0.4)\u00bb header_2_font_size__hover=\u00bb26px\u00bb header_2_font_size__hover_enabled=\u00bb26px\u00bb header_2_letter_spacing__hover=\u00bb0px\u00bb header_2_letter_spacing__hover_enabled=\u00bb0px\u00bb header_2_line_height__hover=\u00bb1em\u00bb header_2_line_height__hover_enabled=\u00bb1em\u00bb header_2_text_shadow_style__hover=\u00bbnone\u00bb header_2_text_shadow_style__hover_enabled=\u00bbnone\u00bb header_2_text_shadow_color__hover=\u00bbrgba(0,0,0,0.4)\u00bb header_2_text_shadow_color__hover_enabled=\u00bbrgba(0,0,0,0.4)\u00bb header_3_font_size__hover=\u00bb22px\u00bb header_3_font_size__hover_enabled=\u00bb22px\u00bb header_3_letter_spacing__hover=\u00bb0px\u00bb header_3_letter_spacing__hover_enabled=\u00bb0px\u00bb header_3_line_height__hover=\u00bb1em\u00bb header_3_line_height__hover_enabled=\u00bb1em\u00bb header_3_text_shadow_style__hover=\u00bbnone\u00bb header_3_text_shadow_style__hover_enabled=\u00bbnone\u00bb header_3_text_shadow_color__hover=\u00bbrgba(0,0,0,0.4)\u00bb header_3_text_shadow_color__hover_enabled=\u00bbrgba(0,0,0,0.4)\u00bb header_4_font_size__hover=\u00bb18px\u00bb header_4_font_size__hover_enabled=\u00bb18px\u00bb header_4_letter_spacing__hover=\u00bb0px\u00bb header_4_letter_spacing__hover_enabled=\u00bb0px\u00bb header_4_line_height__hover=\u00bb1em\u00bb header_4_line_height__hover_enabled=\u00bb1em\u00bb header_4_text_shadow_style__hover=\u00bbnone\u00bb header_4_text_shadow_style__hover_enabled=\u00bbnone\u00bb header_4_text_shadow_color__hover=\u00bbrgba(0,0,0,0.4)\u00bb header_4_text_shadow_color__hover_enabled=\u00bbrgba(0,0,0,0.4)\u00bb header_5_font_size__hover=\u00bb16px\u00bb header_5_font_size__hover_enabled=\u00bb16px\u00bb header_5_letter_spacing__hover=\u00bb0px\u00bb header_5_letter_spacing__hover_enabled=\u00bb0px\u00bb header_5_line_height__hover=\u00bb1em\u00bb header_5_line_height__hover_enabled=\u00bb1em\u00bb header_5_text_shadow_style__hover=\u00bbnone\u00bb header_5_text_shadow_style__hover_enabled=\u00bbnone\u00bb header_5_text_shadow_color__hover=\u00bbrgba(0,0,0,0.4)\u00bb header_5_text_shadow_color__hover_enabled=\u00bbrgba(0,0,0,0.4)\u00bb header_6_font_size__hover=\u00bb14px\u00bb header_6_font_size__hover_enabled=\u00bb14px\u00bb header_6_letter_spacing__hover=\u00bb0px\u00bb header_6_letter_spacing__hover_enabled=\u00bb0px\u00bb header_6_line_height__hover=\u00bb1em\u00bb header_6_line_height__hover_enabled=\u00bb1em\u00bb header_6_text_shadow_style__hover=\u00bbnone\u00bb header_6_text_shadow_style__hover_enabled=\u00bbnone\u00bb header_6_text_shadow_color__hover=\u00bbrgba(0,0,0,0.4)\u00bb header_6_text_shadow_color__hover_enabled=\u00bbrgba(0,0,0,0.4)\u00bb border_radii__hover=\u00bbon||||\u00bb border_radii__hover_enabled=\u00bbon||||\u00bb box_shadow_style__hover=\u00bbnone\u00bb box_shadow_style__hover_enabled=\u00bbnone\u00bb box_shadow_color__hover=\u00bbrgba(0,0,0,0.3)\u00bb box_shadow_color__hover_enabled=\u00bbrgba(0,0,0,0.3)\u00bb text_orientation__hover=\u00bbleft\u00bb text_orientation__hover_enabled=\u00bbleft\u00bb background_layout__hover=\u00bblight\u00bb background_layout__hover_enabled=\u00bblight\u00bb max_width__hover=\u00bb100%\u00bb max_width__hover_enabled=\u00bb100%\u00bb filter_hue_rotate__hover=\u00bb0deg\u00bb filter_hue_rotate__hover_enabled=\u00bb0deg\u00bb filter_saturate__hover=\u00bb100%\u00bb filter_saturate__hover_enabled=\u00bb100%\u00bb filter_brightness__hover=\u00bb100%\u00bb filter_brightness__hover_enabled=\u00bb100%\u00bb filter_contrast__hover=\u00bb100%\u00bb filter_contrast__hover_enabled=\u00bb100%\u00bb filter_invert__hover=\u00bb0%\u00bb filter_invert__hover_enabled=\u00bb0%\u00bb filter_sepia__hover=\u00bb0%\u00bb filter_sepia__hover_enabled=\u00bb0%\u00bb filter_opacity__hover=\u00bb100%\u00bb filter_opacity__hover_enabled=\u00bb100%\u00bb filter_blur__hover=\u00bb0px\u00bb filter_blur__hover_enabled=\u00bb0px\u00bb mix_blend_mode__hover=\u00bbnormal\u00bb mix_blend_mode__hover_enabled=\u00bbnormal\u00bb animation_style__hover=\u00bbnone\u00bb animation_style__hover_enabled=\u00bbnone\u00bb animation_repeat__hover=\u00bbonce\u00bb animation_repeat__hover_enabled=\u00bbonce\u00bb animation_direction__hover=\u00bbcenter\u00bb animation_direction__hover_enabled=\u00bbcenter\u00bb animation_duration__hover=\u00bb1000ms\u00bb animation_duration__hover_enabled=\u00bb1000ms\u00bb animation_delay__hover=\u00bb0ms\u00bb animation_delay__hover_enabled=\u00bb0ms\u00bb animation_intensity_slide__hover=\u00bb50%\u00bb animation_intensity_slide__hover_enabled=\u00bb50%\u00bb animation_intensity_zoom__hover=\u00bb50%\u00bb animation_intensity_zoom__hover_enabled=\u00bb50%\u00bb animation_intensity_flip__hover=\u00bb50%\u00bb animation_intensity_flip__hover_enabled=\u00bb50%\u00bb animation_intensity_fold__hover=\u00bb50%\u00bb animation_intensity_fold__hover_enabled=\u00bb50%\u00bb animation_intensity_roll__hover=\u00bb50%\u00bb animation_intensity_roll__hover_enabled=\u00bb50%\u00bb animation_starting_opacity__hover=\u00bb0%\u00bb animation_starting_opacity__hover_enabled=\u00bb0%\u00bb animation_speed_curve__hover=\u00bbease-in-out\u00bb animation_speed_curve__hover_enabled=\u00bbease-in-out\u00bb hover_transition_duration__hover=\u00bb300ms\u00bb hover_transition_duration__hover_enabled=\u00bb300ms\u00bb hover_transition_delay__hover=\u00bb0ms\u00bb hover_transition_delay__hover_enabled=\u00bb0ms\u00bb hover_transition_speed_curve__hover=\u00bbease\u00bb hover_transition_speed_curve__hover_enabled=\u00bbease\u00bb use_background_color_gradient__hover=\u00bboff\u00bb use_background_color_gradient__hover_enabled=\u00bboff\u00bb background_color_gradient_start__hover=\u00bb#2b87da\u00bb background_color_gradient_start__hover_enabled=\u00bb#2b87da\u00bb background_color_gradient_end__hover=\u00bb#29c4a9&#8243; background_color_gradient_end__hover_enabled=\u00bb#29c4a9&#8243; background_color_gradient_type__hover=\u00bblinear\u00bb background_color_gradient_type__hover_enabled=\u00bblinear\u00bb background_color_gradient_direction__hover=\u00bb180deg\u00bb background_color_gradient_direction__hover_enabled=\u00bb180deg\u00bb background_color_gradient_direction_radial__hover=\u00bbcenter\u00bb background_color_gradient_direction_radial__hover_enabled=\u00bbcenter\u00bb background_color_gradient_start_position__hover=\u00bb0%\u00bb background_color_gradient_start_position__hover_enabled=\u00bb0%\u00bb background_color_gradient_end_position__hover=\u00bb100%\u00bb background_color_gradient_end_position__hover_enabled=\u00bb100%\u00bb background_color_gradient_overlays_image__hover=\u00bboff\u00bb background_color_gradient_overlays_image__hover_enabled=\u00bboff\u00bb parallax__hover=\u00bboff\u00bb parallax__hover_enabled=\u00bboff\u00bb parallax_method__hover=\u00bbon\u00bb parallax_method__hover_enabled=\u00bbon\u00bb background_size__hover=\u00bbcover\u00bb background_size__hover_enabled=\u00bbcover\u00bb background_position__hover=\u00bbcenter\u00bb background_position__hover_enabled=\u00bbcenter\u00bb background_repeat__hover=\u00bbno-repeat\u00bb background_repeat__hover_enabled=\u00bbno-repeat\u00bb background_blend__hover=\u00bbnormal\u00bb background_blend__hover_enabled=\u00bbnormal\u00bb allow_player_pause__hover=\u00bboff\u00bb allow_player_pause__hover_enabled=\u00bboff\u00bb background_video_pause_outside_viewport__hover=\u00bbon\u00bb background_video_pause_outside_viewport__hover_enabled=\u00bbon\u00bb background_color_gradient_stops__hover=\u00bb#2b87da 0%|#29c4a9 100%\u00bb]<\/p>\n<h4><strong>Birgit Kolar,<\/strong> viol\u00edn<\/h4>\n<h4><strong>Adolfo Guti\u00e9rrez,<\/strong> violonchelo<\/h4>\n<h4><strong>Aleksandra Goloubitskaia,<\/strong> piano<\/h4>\n<p>&nbsp;<\/p>\n<p>El Tr\u00edo Carlo Bergonzi est\u00e1 formado por tres m\u00fasicos de renombre que combinan su rica experiencia en un nuevo conjunto de m\u00fasica de c\u00e1mara.<\/p>\n<p>Su nombre se remonta al viol\u00edn Carlo Bergonzi de 1723, que Birgit Kolar toca en pr\u00e9stamo de la famosa colecci\u00f3n del Oesterreichische Nationalbank.<\/p>\n<p>El Tr\u00edo Carlo Bergonzi est\u00e1 formado por tres instrumentistas excepcionales que tienen sus ra\u00edces en pa\u00edses diferentes: Birgit Kolar de Austria, Alexandra Goloubitskaia de Rusia y Adolfo Guti\u00e9rrez de Espa\u00f1a. Estos diversos or\u00edgenes culturales fluyen armoniosamente juntos y dan al conjunto un lenguaje tonal especial y rico y un repertorio tan variado como diverso.<\/p>\n<p>&nbsp;<\/p>\n<p>[\/et_pb_text][\/et_pb_column][\/et_pb_row][\/et_pb_section]<\/p>\n","protected":false},"excerpt":{"rendered":"<p>Birgit Kolar, viol\u00edn Adolfo Guti\u00e9rrez, violonchelo Aleksandra Goloubitskaia, piano &nbsp; El Tr\u00edo Carlo Bergonzi est\u00e1 formado por tres m\u00fasicos de renombre que combinan su rica experiencia en un nuevo conjunto de m\u00fasica de c\u00e1mara. Su nombre se remonta al viol\u00edn Carlo Bergonzi de 1723, que Birgit Kolar toca en pr\u00e9stamo de la famosa colecci\u00f3n del [&hellip;]<\/p>\n","protected":false},"author":1,"featured_media":0,"parent":0,"menu_order":0,"comment_status":"closed","ping_status":"closed","template":"","meta":{"_et_pb_use_builder":"on","_et_pb_old_content":"","_et_gb_content_width":"","footnotes":""},"folder":[77],"_links":{"self":[{"href":"http:\/\/birgit-kolar.es\/es\/wp-json\/wp\/v2\/pages\/1789"}],"collection":[{"href":"http:\/\/birgit-kolar.es\/es\/wp-json\/wp\/v2\/pages"}],"about":[{"href":"http:\/\/birgit-kolar.es\/es\/wp-json\/wp\/v2\/types\/page"}],"author":[{"embeddable":true,"href":"http:\/\/birgit-kolar.es\/es\/wp-json\/wp\/v2\/users\/1"}],"replies":[{"embeddable":true,"href":"http:\/\/birgit-kolar.es\/es\/wp-json\/wp\/v2\/comments?post=1789"}],"version-history":[{"count":5,"href":"http:\/\/birgit-kolar.es\/es\/wp-json\/wp\/v2\/pages\/1789\/revisions"}],"predecessor-version":[{"id":2012,"href":"http:\/\/birgit-kolar.es\/es\/wp-json\/wp\/v2\/pages\/1789\/revisions\/2012"}],"wp:attachment":[{"href":"http:\/\/birgit-kolar.es\/es\/wp-json\/wp\/v2\/media?parent=1789"}],"wp:term":[{"taxonomy":"folder","embeddable":true,"href":"http:\/\/birgit-kolar.es\/es\/wp-json\/wp\/v2\/folder?post=1789"}],"curies":[{"name":"wp","href":"https:\/\/api.w.org\/{rel}","templated":true}]}}